{"id":4184,"date":"2025-11-17T12:40:52","date_gmt":"2025-11-17T12:40:52","guid":{"rendered":"https:\/\/icn-rcc.ca\/gallery-youth-delegation-2024-new-york-csw68-copy\/"},"modified":"2025-11-17T13:03:20","modified_gmt":"2025-11-17T13:03:20","slug":"gallery-youth-delegation-2025-cooperation-canada-leaders-forum","status":"publish","type":"page","link":"https:\/\/icn-rcc.ca\/fr\/gallery-youth-delegation-2025-cooperation-canada-leaders-forum\/","title":{"rendered":"Galerie - D\u00e9l\u00e9gation Juenesse 2025 | Ottawa | Le Forum des personnes leaders de Coop\u00e9ration Canada"},"content":{"rendered":"<p><\/p>","protected":false},"excerpt":{"rendered":"","protected":false},"author":11,"featured_media":0,"parent":0,"menu_order":0,"comment_status":"closed","ping_status":"closed","template":"","meta":{"om_disable_all_campaigns":false,"_monsterinsights_skip_tracking":false,"_monsterinsights_sitenote_active":false,"_monsterinsights_sitenote_note":"","_monsterinsights_sitenote_category":0,"footnotes":""},"class_list":["post-4184","page","type-page","status-publish","hentry"],"acf":[],"aioseo_notices":[],"_links":{"self":[{"href":"https:\/\/icn-rcc.ca\/fr\/wp-json\/wp\/v2\/pages\/4184","targetHints":{"allow":["GET"]}}],"collection":[{"href":"https:\/\/icn-rcc.ca\/fr\/wp-json\/wp\/v2\/pages"}],"about":[{"href":"https:\/\/icn-rcc.ca\/fr\/wp-json\/wp\/v2\/types\/page"}],"author":[{"embeddable":true,"href":"https:\/\/icn-rcc.ca\/fr\/wp-json\/wp\/v2\/users\/11"}],"replies":[{"embeddable":true,"href":"https:\/\/icn-rcc.ca\/fr\/wp-json\/wp\/v2\/comments?post=4184"}],"version-history":[{"count":1,"href":"https:\/\/icn-rcc.ca\/fr\/wp-json\/wp\/v2\/pages\/4184\/revisions"}],"predecessor-version":[{"id":4186,"href":"https:\/\/icn-rcc.ca\/fr\/wp-json\/wp\/v2\/pages\/4184\/revisions\/4186"}],"wp:attachment":[{"href":"https:\/\/icn-rcc.ca\/fr\/wp-json\/wp\/v2\/media?parent=4184"}],"curies":[{"name":"wp","href":"https:\/\/api.w.org\/{rel}","templated":true}]}}