{"id":2358,"date":"2024-07-11T18:14:08","date_gmt":"2024-07-11T18:14:08","guid":{"rendered":"https:\/\/icn.swooncreative.ca\/?page_id=2358"},"modified":"2024-07-11T20:06:59","modified_gmt":"2024-07-11T20:06:59","slug":"resources","status":"publish","type":"page","link":"https:\/\/icn-rcc.ca\/fr\/ressources-2\/","title":{"rendered":"Ressources"},"content":{"rendered":"<p>Afin de soutenir et de renforcer la capacit\u00e9 de la soci\u00e9t\u00e9 civile canadienne, le RCC m\u00e8ne des recherches, des sondages et des analyses sur des sujets importants et opportuns. Ceux-ci sont con\u00e7us pour aider les acteurs du d\u00e9veloppement canadien, le gouvernement canadien et le public \u00e0 mieux comprendre le paysage actuel de la coop\u00e9ration et du d\u00e9veloppement international. De plus, le RCC soumet des contributions aux appels pertinents \u00e0 l'\u00e9laboration de politiques gouvernementales bas\u00e9es sur les consultations des membres ainsi que sur la recherche politique.<\/p>","protected":false},"excerpt":{"rendered":"<p>In order to support and build the capacity of Canadian Civil Society, the ICN conducts research, polling and analysis on important and timely topics. These are designed to help Canadian development actors, the Canadian government, and the public to further understand the current landscape of international cooperation and development. In addition, the ICN makes submissions [&hellip;]<\/p>","protected":false},"author":1,"featured_media":699,"parent":0,"menu_order":0,"comment_status":"closed","ping_status":"closed","template":"","meta":{"om_disable_all_campaigns":false,"_monsterinsights_skip_tracking":false,"_monsterinsights_sitenote_active":false,"_monsterinsights_sitenote_note":"","_monsterinsights_sitenote_category":0,"footnotes":""},"class_list":["post-2358","page","type-page","status-publish","has-post-thumbnail","hentry"],"acf":[],"aioseo_notices":[],"_links":{"self":[{"href":"https:\/\/icn-rcc.ca\/fr\/wp-json\/wp\/v2\/pages\/2358","targetHints":{"allow":["GET"]}}],"collection":[{"href":"https:\/\/icn-rcc.ca\/fr\/wp-json\/wp\/v2\/pages"}],"about":[{"href":"https:\/\/icn-rcc.ca\/fr\/wp-json\/wp\/v2\/types\/page"}],"author":[{"embeddable":true,"href":"https:\/\/icn-rcc.ca\/fr\/wp-json\/wp\/v2\/users\/1"}],"replies":[{"embeddable":true,"href":"https:\/\/icn-rcc.ca\/fr\/wp-json\/wp\/v2\/comments?post=2358"}],"version-history":[{"count":2,"href":"https:\/\/icn-rcc.ca\/fr\/wp-json\/wp\/v2\/pages\/2358\/revisions"}],"predecessor-version":[{"id":2360,"href":"https:\/\/icn-rcc.ca\/fr\/wp-json\/wp\/v2\/pages\/2358\/revisions\/2360"}],"wp:featuredmedia":[{"embeddable":true,"href":"https:\/\/icn-rcc.ca\/fr\/wp-json\/wp\/v2\/media\/699"}],"wp:attachment":[{"href":"https:\/\/icn-rcc.ca\/fr\/wp-json\/wp\/v2\/media?parent=2358"}],"curies":[{"name":"wp","href":"https:\/\/api.w.org\/{rel}","templated":true}]}}