{"id":106,"date":"2024-04-22T12:48:10","date_gmt":"2024-04-22T16:48:10","guid":{"rendered":"https:\/\/icn.swooncreative.ca\/?page_id=106"},"modified":"2024-07-15T17:37:57","modified_gmt":"2024-07-15T17:37:57","slug":"who-we-are","status":"publish","type":"page","link":"https:\/\/icn-rcc.ca\/fr\/qui-sommes-nous\/","title":{"rendered":"Qui sommes nous"},"content":{"rendered":"<p>Le R\u00e9seau de coordination des conseils (RCC) est une coalition des huit Conseils provinciaux et r\u00e9gionaux de coop\u00e9ration internationale. Ces Conseils ind\u00e9pendants, bas\u00e9s sur l'adh\u00e9sion de membres, sont engag\u00e9s en faveur de la justice sociale mondiale et du changement social et repr\u00e9sentent plus de 350 organisations de la soci\u00e9t\u00e9 civile (OSC) diversifi\u00e9es \u00e0 travers le Canada.<\/p>","protected":false},"excerpt":{"rendered":"<p>Le R\u00e9seau de coordination des conseils (RCC) est une coalition des huit Conseils provinciaux et r\u00e9gionaux de coop\u00e9ration internationale. Ces Conseils ind\u00e9pendants, bas\u00e9s sur l'adh\u00e9sion de membres, sont engag\u00e9s en faveur de la justice sociale mondiale et du changement social et repr\u00e9sentent plus de 350 organisations de la soci\u00e9t\u00e9 civile (OSC) diversifi\u00e9es \u00e0 travers le Canada.<\/p>","protected":false},"author":1,"featured_media":2367,"parent":0,"menu_order":0,"comment_status":"closed","ping_status":"closed","template":"","meta":{"om_disable_all_campaigns":false,"_monsterinsights_skip_tracking":false,"_monsterinsights_sitenote_active":false,"_monsterinsights_sitenote_note":"","_monsterinsights_sitenote_category":0,"footnotes":""},"class_list":["post-106","page","type-page","status-publish","has-post-thumbnail","hentry"],"acf":[],"aioseo_notices":[],"_links":{"self":[{"href":"https:\/\/icn-rcc.ca\/fr\/wp-json\/wp\/v2\/pages\/106","targetHints":{"allow":["GET"]}}],"collection":[{"href":"https:\/\/icn-rcc.ca\/fr\/wp-json\/wp\/v2\/pages"}],"about":[{"href":"https:\/\/icn-rcc.ca\/fr\/wp-json\/wp\/v2\/types\/page"}],"author":[{"embeddable":true,"href":"https:\/\/icn-rcc.ca\/fr\/wp-json\/wp\/v2\/users\/1"}],"replies":[{"embeddable":true,"href":"https:\/\/icn-rcc.ca\/fr\/wp-json\/wp\/v2\/comments?post=106"}],"version-history":[{"count":12,"href":"https:\/\/icn-rcc.ca\/fr\/wp-json\/wp\/v2\/pages\/106\/revisions"}],"predecessor-version":[{"id":2321,"href":"https:\/\/icn-rcc.ca\/fr\/wp-json\/wp\/v2\/pages\/106\/revisions\/2321"}],"wp:featuredmedia":[{"embeddable":true,"href":"https:\/\/icn-rcc.ca\/fr\/wp-json\/wp\/v2\/media\/2367"}],"wp:attachment":[{"href":"https:\/\/icn-rcc.ca\/fr\/wp-json\/wp\/v2\/media?parent=106"}],"curies":[{"name":"wp","href":"https:\/\/api.w.org\/{rel}","templated":true}]}}